{"id":137,"date":"2024-10-10T17:26:13","date_gmt":"2024-10-10T15:26:13","guid":{"rendered":"https:\/\/pascalgaveau.fr\/?page_id=137"},"modified":"2024-10-11T16:33:03","modified_gmt":"2024-10-11T14:33:03","slug":"isolation-thermique-exterieure-ite","status":"publish","type":"page","link":"https:\/\/pascalgaveau.fr\/?page_id=137","title":{"rendered":"ISOLATION THERMIQUE EXT\u00c9RIEURE (ITE)"},"content":{"rendered":"\n<div class=\"wp-block-media-text is-stacked-on-mobile\"><figure class=\"wp-block-media-text__media\"><img loading=\"lazy\" decoding=\"async\" width=\"1024\" height=\"824\" src=\"https:\/\/pascalgaveau.fr\/wp-content\/uploads\/2024\/10\/man-working-roof-with-drill-1024x824.jpg\" alt=\"\" class=\"wp-image-123 size-full\" srcset=\"https:\/\/pascalgaveau.fr\/wp-content\/uploads\/2024\/10\/man-working-roof-with-drill-1024x824.jpg 1024w, https:\/\/pascalgaveau.fr\/wp-content\/uploads\/2024\/10\/man-working-roof-with-drill-300x241.jpg 300w, https:\/\/pascalgaveau.fr\/wp-content\/uploads\/2024\/10\/man-working-roof-with-drill-768x618.jpg 768w, https:\/\/pascalgaveau.fr\/wp-content\/uploads\/2024\/10\/man-working-roof-with-drill-1536x1236.jpg 1536w, https:\/\/pascalgaveau.fr\/wp-content\/uploads\/2024\/10\/man-working-roof-with-drill-2048x1648.jpg 2048w\" sizes=\"auto, (max-width: 1024px) 100vw, 1024px\" \/><\/figure><div class=\"wp-block-media-text__content\">\n<p>Dans le cadre de r\u00e9novation ou d&rsquo;extension, il est toujours possible d&rsquo;apporter une isolation compl\u00e9mentaire par l&rsquo;ext\u00e9rieur.\u00a0<\/p>\n\n\n\n<p>Cette prestation permet \u00e9galement de solutionner des imperfections esth\u00e9tiques sur votre fa\u00e7ade gr\u00e2ce \u00e0 une finition RSE ou RPE.<\/p>\n<\/div><\/div>\n\n\n\n<p>\u00a0Adapt\u00e9s \u00e0 la plupart des supports, les rev\u00eatements plastiques \u00e9pais (RPE) et semi-\u00e9pais (RSE) se d\u00e9finissent d\u2019abord comme des produits de d\u00e9coration de fa\u00e7ade. De v\u00e9ritables syst\u00e8mes d\u00e9clin\u00e9s en de multiples teintes et finitions.<\/p>\n","protected":false},"excerpt":{"rendered":"<p>Dans le cadre de r\u00e9novation ou d&rsquo;extension, il est toujours possible d&rsquo;apporter une isolation compl\u00e9mentaire par l&rsquo;ext\u00e9rieur.\u00a0 Cette prestation permet \u00e9galement de solutionner des imperfections esth\u00e9tiques sur votre fa\u00e7ade gr\u00e2ce \u00e0 une finition RSE ou RPE. \u00a0Adapt\u00e9s \u00e0 la plupart des supports, les rev\u00eatements plastiques \u00e9pais (RPE) et semi-\u00e9pais (RSE) se d\u00e9finissent d\u2019abord comme des [&hellip;]<\/p>\n","protected":false},"author":2,"featured_media":123,"parent":0,"menu_order":0,"comment_status":"closed","ping_status":"closed","template":"","meta":{"_themeisle_gutenberg_block_has_review":false,"footnotes":""},"class_list":["post-137","page","type-page","status-publish","has-post-thumbnail","hentry"],"_links":{"self":[{"href":"https:\/\/pascalgaveau.fr\/index.php?rest_route=\/wp\/v2\/pages\/137","targetHints":{"allow":["GET"]}}],"collection":[{"href":"https:\/\/pascalgaveau.fr\/index.php?rest_route=\/wp\/v2\/pages"}],"about":[{"href":"https:\/\/pascalgaveau.fr\/index.php?rest_route=\/wp\/v2\/types\/page"}],"author":[{"embeddable":true,"href":"https:\/\/pascalgaveau.fr\/index.php?rest_route=\/wp\/v2\/users\/2"}],"replies":[{"embeddable":true,"href":"https:\/\/pascalgaveau.fr\/index.php?rest_route=%2Fwp%2Fv2%2Fcomments&post=137"}],"version-history":[{"count":3,"href":"https:\/\/pascalgaveau.fr\/index.php?rest_route=\/wp\/v2\/pages\/137\/revisions"}],"predecessor-version":[{"id":230,"href":"https:\/\/pascalgaveau.fr\/index.php?rest_route=\/wp\/v2\/pages\/137\/revisions\/230"}],"wp:featuredmedia":[{"embeddable":true,"href":"https:\/\/pascalgaveau.fr\/index.php?rest_route=\/wp\/v2\/media\/123"}],"wp:attachment":[{"href":"https:\/\/pascalgaveau.fr\/index.php?rest_route=%2Fwp%2Fv2%2Fmedia&parent=137"}],"curies":[{"name":"wp","href":"https:\/\/api.w.org\/{rel}","templated":true}]}}