{"id":134,"date":"2024-10-10T17:26:00","date_gmt":"2024-10-10T15:26:00","guid":{"rendered":"https:\/\/pascalgaveau.fr\/?page_id=134"},"modified":"2024-10-11T16:39:50","modified_gmt":"2024-10-11T14:39:50","slug":"isolation-interieure-placo","status":"publish","type":"page","link":"https:\/\/pascalgaveau.fr\/?page_id=134","title":{"rendered":"ISOLATION INT\u00c9RIEUR-PLACO"},"content":{"rendered":"\n<div class=\"wp-block-media-text is-stacked-on-mobile\"><figure class=\"wp-block-media-text__media\"><img loading=\"lazy\" decoding=\"async\" width=\"1024\" height=\"574\" src=\"https:\/\/pascalgaveau.fr\/wp-content\/uploads\/2024\/10\/construction-worker-applying-insulation-walls-newly-framed-house-with-construction-tools-materials-around-1024x574.jpg\" alt=\"\" class=\"wp-image-125 size-full\" srcset=\"https:\/\/pascalgaveau.fr\/wp-content\/uploads\/2024\/10\/construction-worker-applying-insulation-walls-newly-framed-house-with-construction-tools-materials-around-1024x574.jpg 1024w, https:\/\/pascalgaveau.fr\/wp-content\/uploads\/2024\/10\/construction-worker-applying-insulation-walls-newly-framed-house-with-construction-tools-materials-around-300x168.jpg 300w, https:\/\/pascalgaveau.fr\/wp-content\/uploads\/2024\/10\/construction-worker-applying-insulation-walls-newly-framed-house-with-construction-tools-materials-around-768x430.jpg 768w, https:\/\/pascalgaveau.fr\/wp-content\/uploads\/2024\/10\/construction-worker-applying-insulation-walls-newly-framed-house-with-construction-tools-materials-around-1536x861.jpg 1536w, https:\/\/pascalgaveau.fr\/wp-content\/uploads\/2024\/10\/construction-worker-applying-insulation-walls-newly-framed-house-with-construction-tools-materials-around-2048x1148.jpg 2048w\" sizes=\"auto, (max-width: 1024px) 100vw, 1024px\" \/><\/figure><div class=\"wp-block-media-text__content\">\n<p>Pour b\u00e9n\u00e9ficier d&rsquo;un confort optimal en \u00e9t\u00e9 comme en hiver, faites nous confiance pour isoler votre maison par l&rsquo;int\u00e9rieur.&nbsp;<\/p>\n<\/div><\/div>\n\n\n\n<p>En neuf ou en r\u00e9novation, nos \u00e9quipes assurent une prestation compl\u00e8te (isolation, placo, peinture).&nbsp;<\/p>\n\n\n\n<p>Nous pouvons \u00e9galement redessiner votre maison gr\u00e2ce \u00e0 la cr\u00e9ation ou la suppression de cloisons, niches ou faux plafond.&nbsp;<\/p>\n\n\n\n<p>Contactez-nous pour du conseil sur la r\u00e9glementation thermique en vigueur.<\/p>\n\n\n\n<div style=\"height:10px\" aria-hidden=\"true\" class=\"wp-block-spacer\"><\/div>\n\n\n\n<h5 class=\"wp-block-heading\"><strong>RETOURS DE TRAVAUX<\/strong><\/h5>\n\n\n\n<figure class=\"wp-block-gallery has-nested-images columns-default is-cropped wp-block-gallery-1 is-layout-flex wp-block-gallery-is-layout-flex\">\n<figure class=\"wp-block-image size-large\"><img loading=\"lazy\" decoding=\"async\" width=\"1024\" height=\"886\" data-id=\"221\" src=\"https:\/\/pascalgaveau.fr\/wp-content\/uploads\/2024\/10\/IMG_9734-1024x886.jpg\" alt=\"\" class=\"wp-image-221\" srcset=\"https:\/\/pascalgaveau.fr\/wp-content\/uploads\/2024\/10\/IMG_9734-1024x886.jpg 1024w, https:\/\/pascalgaveau.fr\/wp-content\/uploads\/2024\/10\/IMG_9734-300x260.jpg 300w, https:\/\/pascalgaveau.fr\/wp-content\/uploads\/2024\/10\/IMG_9734-768x665.jpg 768w, https:\/\/pascalgaveau.fr\/wp-content\/uploads\/2024\/10\/IMG_9734.jpg 1085w\" sizes=\"auto, (max-width: 1024px) 100vw, 1024px\" \/><\/figure>\n\n\n\n<figure class=\"wp-block-image size-large\"><img loading=\"lazy\" decoding=\"async\" width=\"1024\" height=\"881\" data-id=\"219\" src=\"https:\/\/pascalgaveau.fr\/wp-content\/uploads\/2024\/10\/IMG_9733-1024x881.jpg\" alt=\"\" class=\"wp-image-219\" srcset=\"https:\/\/pascalgaveau.fr\/wp-content\/uploads\/2024\/10\/IMG_9733-1024x881.jpg 1024w, https:\/\/pascalgaveau.fr\/wp-content\/uploads\/2024\/10\/IMG_9733-300x258.jpg 300w, https:\/\/pascalgaveau.fr\/wp-content\/uploads\/2024\/10\/IMG_9733-768x661.jpg 768w, https:\/\/pascalgaveau.fr\/wp-content\/uploads\/2024\/10\/IMG_9733.jpg 1084w\" sizes=\"auto, (max-width: 1024px) 100vw, 1024px\" \/><\/figure>\n\n\n\n<figure class=\"wp-block-image size-large\"><img loading=\"lazy\" decoding=\"async\" width=\"1008\" height=\"756\" data-id=\"223\" src=\"https:\/\/pascalgaveau.fr\/wp-content\/uploads\/2024\/10\/IMG_9726.jpg\" alt=\"\" class=\"wp-image-223\" srcset=\"https:\/\/pascalgaveau.fr\/wp-content\/uploads\/2024\/10\/IMG_9726.jpg 1008w, https:\/\/pascalgaveau.fr\/wp-content\/uploads\/2024\/10\/IMG_9726-300x225.jpg 300w, https:\/\/pascalgaveau.fr\/wp-content\/uploads\/2024\/10\/IMG_9726-768x576.jpg 768w\" sizes=\"auto, (max-width: 1008px) 100vw, 1008px\" \/><\/figure>\n\n\n\n<figure class=\"wp-block-image size-large\"><img loading=\"lazy\" decoding=\"async\" width=\"1024\" height=\"871\" data-id=\"225\" src=\"https:\/\/pascalgaveau.fr\/wp-content\/uploads\/2024\/10\/IMG_9735-1024x871.jpg\" alt=\"\" class=\"wp-image-225\" srcset=\"https:\/\/pascalgaveau.fr\/wp-content\/uploads\/2024\/10\/IMG_9735-1024x871.jpg 1024w, https:\/\/pascalgaveau.fr\/wp-content\/uploads\/2024\/10\/IMG_9735-300x255.jpg 300w, https:\/\/pascalgaveau.fr\/wp-content\/uploads\/2024\/10\/IMG_9735-768x653.jpg 768w, https:\/\/pascalgaveau.fr\/wp-content\/uploads\/2024\/10\/IMG_9735.jpg 1125w\" sizes=\"auto, (max-width: 1024px) 100vw, 1024px\" \/><\/figure>\n\n\n\n<figure class=\"wp-block-image size-large\"><img loading=\"lazy\" decoding=\"async\" width=\"1024\" height=\"756\" data-id=\"220\" src=\"https:\/\/pascalgaveau.fr\/wp-content\/uploads\/2024\/10\/IMG_9727-1-1024x756.jpg\" alt=\"\" class=\"wp-image-220\" srcset=\"https:\/\/pascalgaveau.fr\/wp-content\/uploads\/2024\/10\/IMG_9727-1-1024x756.jpg 1024w, https:\/\/pascalgaveau.fr\/wp-content\/uploads\/2024\/10\/IMG_9727-1-300x222.jpg 300w, https:\/\/pascalgaveau.fr\/wp-content\/uploads\/2024\/10\/IMG_9727-1-768x567.jpg 768w, https:\/\/pascalgaveau.fr\/wp-content\/uploads\/2024\/10\/IMG_9727-1.jpg 1125w\" sizes=\"auto, (max-width: 1024px) 100vw, 1024px\" \/><\/figure>\n\n\n\n<figure class=\"wp-block-image size-large\"><img loading=\"lazy\" decoding=\"async\" width=\"1024\" height=\"759\" data-id=\"222\" src=\"https:\/\/pascalgaveau.fr\/wp-content\/uploads\/2024\/10\/IMG_9728-1024x759.jpg\" alt=\"\" class=\"wp-image-222\" srcset=\"https:\/\/pascalgaveau.fr\/wp-content\/uploads\/2024\/10\/IMG_9728-1024x759.jpg 1024w, https:\/\/pascalgaveau.fr\/wp-content\/uploads\/2024\/10\/IMG_9728-300x222.jpg 300w, https:\/\/pascalgaveau.fr\/wp-content\/uploads\/2024\/10\/IMG_9728-768x569.jpg 768w, https:\/\/pascalgaveau.fr\/wp-content\/uploads\/2024\/10\/IMG_9728.jpg 1125w\" sizes=\"auto, (max-width: 1024px) 100vw, 1024px\" \/><\/figure>\n<\/figure>\n","protected":false},"excerpt":{"rendered":"<p>Pour b\u00e9n\u00e9ficier d&rsquo;un confort optimal en \u00e9t\u00e9 comme en hiver, faites nous confiance pour isoler votre maison par l&rsquo;int\u00e9rieur.&nbsp; En neuf ou en r\u00e9novation, nos \u00e9quipes assurent une prestation compl\u00e8te (isolation, placo, peinture).&nbsp; Nous pouvons \u00e9galement redessiner votre maison gr\u00e2ce \u00e0 la cr\u00e9ation ou la suppression de cloisons, niches ou faux plafond.&nbsp; Contactez-nous pour du [&hellip;]<\/p>\n","protected":false},"author":2,"featured_media":125,"parent":0,"menu_order":0,"comment_status":"closed","ping_status":"closed","template":"","meta":{"_themeisle_gutenberg_block_has_review":false,"footnotes":""},"class_list":["post-134","page","type-page","status-publish","has-post-thumbnail","hentry"],"_links":{"self":[{"href":"https:\/\/pascalgaveau.fr\/index.php?rest_route=\/wp\/v2\/pages\/134","targetHints":{"allow":["GET"]}}],"collection":[{"href":"https:\/\/pascalgaveau.fr\/index.php?rest_route=\/wp\/v2\/pages"}],"about":[{"href":"https:\/\/pascalgaveau.fr\/index.php?rest_route=\/wp\/v2\/types\/page"}],"author":[{"embeddable":true,"href":"https:\/\/pascalgaveau.fr\/index.php?rest_route=\/wp\/v2\/users\/2"}],"replies":[{"embeddable":true,"href":"https:\/\/pascalgaveau.fr\/index.php?rest_route=%2Fwp%2Fv2%2Fcomments&post=134"}],"version-history":[{"count":10,"href":"https:\/\/pascalgaveau.fr\/index.php?rest_route=\/wp\/v2\/pages\/134\/revisions"}],"predecessor-version":[{"id":243,"href":"https:\/\/pascalgaveau.fr\/index.php?rest_route=\/wp\/v2\/pages\/134\/revisions\/243"}],"wp:featuredmedia":[{"embeddable":true,"href":"https:\/\/pascalgaveau.fr\/index.php?rest_route=\/wp\/v2\/media\/125"}],"wp:attachment":[{"href":"https:\/\/pascalgaveau.fr\/index.php?rest_route=%2Fwp%2Fv2%2Fmedia&parent=134"}],"curies":[{"name":"wp","href":"https:\/\/api.w.org\/{rel}","templated":true}]}}