{"id":119,"date":"2024-10-10T17:26:19","date_gmt":"2024-10-10T15:26:19","guid":{"rendered":"https:\/\/pascalgaveau.fr\/?page_id=119"},"modified":"2024-10-11T16:40:10","modified_gmt":"2024-10-11T14:40:10","slug":"peinture-interieure-et-exterieure","status":"publish","type":"page","link":"https:\/\/pascalgaveau.fr\/?page_id=119","title":{"rendered":"PEINTURE INT\u00c9RIEURE ET  EXT\u00c9RIEURE"},"content":{"rendered":"\n<div class=\"wp-block-media-text is-stacked-on-mobile\"><figure class=\"wp-block-media-text__media\"><img loading=\"lazy\" decoding=\"async\" width=\"1024\" height=\"683\" src=\"https:\/\/pascalgaveau.fr\/wp-content\/uploads\/2024\/10\/assortment-painting-items-with-green-paint-1024x683.jpg\" alt=\"\" class=\"wp-image-120 size-full\" srcset=\"https:\/\/pascalgaveau.fr\/wp-content\/uploads\/2024\/10\/assortment-painting-items-with-green-paint-1024x683.jpg 1024w, https:\/\/pascalgaveau.fr\/wp-content\/uploads\/2024\/10\/assortment-painting-items-with-green-paint-300x200.jpg 300w, https:\/\/pascalgaveau.fr\/wp-content\/uploads\/2024\/10\/assortment-painting-items-with-green-paint-768x512.jpg 768w, https:\/\/pascalgaveau.fr\/wp-content\/uploads\/2024\/10\/assortment-painting-items-with-green-paint-1536x1024.jpg 1536w, https:\/\/pascalgaveau.fr\/wp-content\/uploads\/2024\/10\/assortment-painting-items-with-green-paint-2048x1365.jpg 2048w\" sizes=\"auto, (max-width: 1024px) 100vw, 1024px\" \/><\/figure><div class=\"wp-block-media-text__content\">\n<p>Dans le cadre d&rsquo;un rafra\u00eechissement int\u00e9rieur ou d&rsquo;un relooking ext\u00e9rieur, la SAS Gaveau dispose d&rsquo;un r\u00e9el savoir-faire.&nbsp;<\/p>\n<\/div><\/div>\n\n\n\n<p>La peinture \u00e9tant la finition, il est important de pr\u00e9parer vos supports pour un r\u00e9sultat qualitatif.<\/p>\n\n\n\n<p>Si vous souhaitez une ambiance cosy et bien-\u00eatre total, laissez vous guider par nos techniciens conseils.&nbsp;<\/p>\n\n\n\n<div style=\"height:20px\" aria-hidden=\"true\" class=\"wp-block-spacer\"><\/div>\n\n\n\n<h5 class=\"wp-block-heading\"><strong>RETOURS DE TRAVAUX<\/strong><\/h5>\n\n\n\n<figure class=\"wp-block-gallery has-nested-images columns-default is-cropped wp-block-gallery-1 is-layout-flex wp-block-gallery-is-layout-flex\">\n<figure class=\"wp-block-image size-large\"><img loading=\"lazy\" decoding=\"async\" width=\"1024\" height=\"978\" data-id=\"234\" src=\"https:\/\/pascalgaveau.fr\/wp-content\/uploads\/2024\/10\/IMG_9720-1024x978.jpg\" alt=\"\" class=\"wp-image-234\" srcset=\"https:\/\/pascalgaveau.fr\/wp-content\/uploads\/2024\/10\/IMG_9720-1024x978.jpg 1024w, https:\/\/pascalgaveau.fr\/wp-content\/uploads\/2024\/10\/IMG_9720-300x286.jpg 300w, https:\/\/pascalgaveau.fr\/wp-content\/uploads\/2024\/10\/IMG_9720-768x733.jpg 768w, https:\/\/pascalgaveau.fr\/wp-content\/uploads\/2024\/10\/IMG_9720.jpg 1125w\" sizes=\"auto, (max-width: 1024px) 100vw, 1024px\" \/><\/figure>\n\n\n\n<figure class=\"wp-block-image size-large\"><img loading=\"lazy\" decoding=\"async\" width=\"1024\" height=\"956\" data-id=\"235\" src=\"https:\/\/pascalgaveau.fr\/wp-content\/uploads\/2024\/10\/IMG_9719-1024x956.jpg\" alt=\"\" class=\"wp-image-235\" srcset=\"https:\/\/pascalgaveau.fr\/wp-content\/uploads\/2024\/10\/IMG_9719-1024x956.jpg 1024w, https:\/\/pascalgaveau.fr\/wp-content\/uploads\/2024\/10\/IMG_9719-300x280.jpg 300w, https:\/\/pascalgaveau.fr\/wp-content\/uploads\/2024\/10\/IMG_9719-768x717.jpg 768w, https:\/\/pascalgaveau.fr\/wp-content\/uploads\/2024\/10\/IMG_9719.jpg 1125w\" sizes=\"auto, (max-width: 1024px) 100vw, 1024px\" \/><\/figure>\n\n\n\n<figure class=\"wp-block-image size-large\"><img loading=\"lazy\" decoding=\"async\" width=\"1024\" height=\"756\" data-id=\"233\" src=\"https:\/\/pascalgaveau.fr\/wp-content\/uploads\/2024\/10\/IMG_9721-1-1-1024x756.jpg\" alt=\"\" class=\"wp-image-233\" srcset=\"https:\/\/pascalgaveau.fr\/wp-content\/uploads\/2024\/10\/IMG_9721-1-1-1024x756.jpg 1024w, https:\/\/pascalgaveau.fr\/wp-content\/uploads\/2024\/10\/IMG_9721-1-1-300x222.jpg 300w, https:\/\/pascalgaveau.fr\/wp-content\/uploads\/2024\/10\/IMG_9721-1-1-768x567.jpg 768w, https:\/\/pascalgaveau.fr\/wp-content\/uploads\/2024\/10\/IMG_9721-1-1.jpg 1125w\" sizes=\"auto, (max-width: 1024px) 100vw, 1024px\" \/><\/figure>\n\n\n\n<figure class=\"wp-block-image size-large\"><img loading=\"lazy\" decoding=\"async\" width=\"1024\" height=\"743\" data-id=\"180\" src=\"https:\/\/pascalgaveau.fr\/wp-content\/uploads\/2024\/10\/IMG_9718-1024x743.jpg\" alt=\"\" class=\"wp-image-180\" srcset=\"https:\/\/pascalgaveau.fr\/wp-content\/uploads\/2024\/10\/IMG_9718-1024x743.jpg 1024w, https:\/\/pascalgaveau.fr\/wp-content\/uploads\/2024\/10\/IMG_9718-300x218.jpg 300w, https:\/\/pascalgaveau.fr\/wp-content\/uploads\/2024\/10\/IMG_9718-768x557.jpg 768w, https:\/\/pascalgaveau.fr\/wp-content\/uploads\/2024\/10\/IMG_9718.jpg 1125w\" sizes=\"auto, (max-width: 1024px) 100vw, 1024px\" \/><\/figure>\n<\/figure>\n","protected":false},"excerpt":{"rendered":"<p>Dans le cadre d&rsquo;un rafra\u00eechissement int\u00e9rieur ou d&rsquo;un relooking ext\u00e9rieur, la SAS Gaveau dispose d&rsquo;un r\u00e9el savoir-faire.&nbsp; La peinture \u00e9tant la finition, il est important de pr\u00e9parer vos supports pour un r\u00e9sultat qualitatif. Si vous souhaitez une ambiance cosy et bien-\u00eatre total, laissez vous guider par nos techniciens conseils.&nbsp; RETOURS DE TRAVAUX<\/p>\n","protected":false},"author":2,"featured_media":120,"parent":0,"menu_order":0,"comment_status":"closed","ping_status":"closed","template":"","meta":{"_themeisle_gutenberg_block_has_review":false,"footnotes":""},"class_list":["post-119","page","type-page","status-publish","has-post-thumbnail","hentry"],"_links":{"self":[{"href":"https:\/\/pascalgaveau.fr\/index.php?rest_route=\/wp\/v2\/pages\/119","targetHints":{"allow":["GET"]}}],"collection":[{"href":"https:\/\/pascalgaveau.fr\/index.php?rest_route=\/wp\/v2\/pages"}],"about":[{"href":"https:\/\/pascalgaveau.fr\/index.php?rest_route=\/wp\/v2\/types\/page"}],"author":[{"embeddable":true,"href":"https:\/\/pascalgaveau.fr\/index.php?rest_route=\/wp\/v2\/users\/2"}],"replies":[{"embeddable":true,"href":"https:\/\/pascalgaveau.fr\/index.php?rest_route=%2Fwp%2Fv2%2Fcomments&post=119"}],"version-history":[{"count":9,"href":"https:\/\/pascalgaveau.fr\/index.php?rest_route=\/wp\/v2\/pages\/119\/revisions"}],"predecessor-version":[{"id":244,"href":"https:\/\/pascalgaveau.fr\/index.php?rest_route=\/wp\/v2\/pages\/119\/revisions\/244"}],"wp:featuredmedia":[{"embeddable":true,"href":"https:\/\/pascalgaveau.fr\/index.php?rest_route=\/wp\/v2\/media\/120"}],"wp:attachment":[{"href":"https:\/\/pascalgaveau.fr\/index.php?rest_route=%2Fwp%2Fv2%2Fmedia&parent=119"}],"curies":[{"name":"wp","href":"https:\/\/api.w.org\/{rel}","templated":true}]}}